{"id":12,"date":"2024-06-29T07:17:39","date_gmt":"2024-06-29T07:17:39","guid":{"rendered":"https:\/\/louiswu.vn\/?page_id=12"},"modified":"2025-09-17T13:08:34","modified_gmt":"2025-09-17T05:08:34","slug":"about-me","status":"publish","type":"page","link":"https:\/\/louiswu.vn\/index.php\/about-me\/","title":{"rendered":"About me"},"content":{"rendered":"\n<p class=\"has-medium-font-size\"><\/p>\n\n\n\n<p class=\"has-medium-font-size\">T\u00f4i l\u00e0 Louis Wu \u2013 nhi\u1ebfp \u1ea3nh gia ch\u00e2n dung v\u00e0 \u0110\u1ea1i s\u1ee9 th\u01b0\u01a1ng hi\u1ec7u Leica t\u1ea1i Vi\u1ec7t Nam. V\u1edbi t\u00f4i, nhi\u1ebfp \u1ea3nh kh\u00f4ng ch\u1ec9 l\u00e0 vi\u1ec7c ghi l\u1ea1i h\u00ecnh \u1ea3nh, m\u00e0 c\u00f2n l\u00e0 ngh\u1ec7 thu\u1eadt k\u1ec3 chuy\u1ec7n b\u1eb1ng \u00e1nh s\u00e1ng, n\u01a1i c\u1ea3m x\u00fac v\u00e0 v\u1ebb \u0111\u1eb9p ri\u00eang c\u1ee7a m\u1ed7i con ng\u01b0\u1eddi \u0111\u01b0\u1ee3c t\u00f4n vinh. Nh\u1eefng khu\u00f4n h\u00ecnh tr\u1eafng \u0111en c\u1ed5 \u0111i\u1ec3n hay s\u1eafc m\u00e0u s\u1ed1ng \u0111\u1ed9ng \u0111\u1ec1u mang trong \u0111\u00f3 d\u1ea5u \u1ea5n c\u00e1 nh\u00e2n v\u00e0 h\u00e0nh tr\u00ecnh c\u1ea3m x\u00fac m\u00e0 t\u00f4i mu\u1ed1n g\u1eedi g\u1eafm.<\/p>\n\n\n\n<p class=\"has-medium-font-size\">Ngo\u00e0i nhi\u1ebfp \u1ea3nh, t\u00f4i c\u00f2n l\u00e0 \u0111\u1ea1o di\u1ec5n c\u1ee7a\u00a0Musique de Salon\u00a0\u2013 chu\u1ed7i h\u00f2a nh\u1ea1c h\u00e0n l\u00e2m k\u1ebft h\u1ee3p pop orchestra, n\u01a1i \u00e2m nh\u1ea1c, \u00e1nh s\u00e1ng v\u00e0 s\u00e2n kh\u1ea5u h\u00f2a quy\u1ec7n \u0111\u1ec3 t\u1ea1o n\u00ean nh\u1eefng tr\u1ea3i nghi\u1ec7m ngh\u1ec7 thu\u1eadt tr\u1ecdn v\u1eb9n. T\u00f4i c\u0169ng tham gia \u0111\u1ea1o di\u1ec5n MV v\u00e0 phim t\u00e0i li\u1ec7u, ti\u1ebfp t\u1ee5c theo \u0111u\u1ed5i ni\u1ec1m \u0111am m\u00ea k\u1ec3 chuy\u1ec7n b\u1eb1ng h\u00ecnh \u1ea3nh v\u00e0 \u00e2m thanh \u1edf m\u1ed9t kh\u00f4ng gian r\u1ed9ng l\u1edbn h\u01a1n.<\/p>\n\n\n\n<p class=\"has-medium-font-size\">D\u00f9 \u1edf nhi\u1ebfp \u1ea3nh hay \u00e2m nh\u1ea1c, t\u00f4i lu\u00f4n tin r\u1eb1ng ngh\u1ec7 thu\u1eadt l\u00e0 chi\u1ebfc c\u1ea7u n\u1ed1i gi\u1eefa con ng\u01b0\u1eddi v\u00e0 c\u1ea3m x\u00fac. Qua t\u1eebng d\u1ef1 \u00e1n, t\u00f4i mong mu\u1ed1n mang l\u1ea1i cho kh\u00e1n gi\u1ea3 nh\u1eefng tr\u1ea3i nghi\u1ec7m ch\u00e2n th\u00e0nh, v\u00e0 gi\u00fap m\u1ed7i ng\u01b0\u1eddi t\u00ecm th\u1ea5y s\u1ef1 t\u1ef1 tin \u0111\u1ec3 s\u1ed1ng \u0111\u00fang v\u1edbi v\u1ebb \u0111\u1eb9p v\u1ed1n c\u00f3 c\u1ee7a m\u00ecnh.<\/p>\n\n\n\n<p class=\"has-medium-font-size\"><\/p>\n","protected":false},"excerpt":{"rendered":"<p>Louis Wu \u0111\u01b0\u1ee3c nhi\u1ec1u ng\u01b0\u1eddi bi\u1ebft \u0111\u1ebfn nh\u01b0 1 nhi\u1ebfp \u1ea3nh gia ch\u1ee5p ch\u00e2n dung h\u00e0ng \u0111\u1ea7u, l\u00e0 \u0111\u1ea1i s\u1ee9 c\u1ee7a th\u01b0\u01a1ng hi\u1ec7u Leica t\u1ea1i Vi\u1ec7t Nam<\/p>\n","protected":false},"author":1,"featured_media":840,"parent":0,"menu_order":0,"comment_status":"closed","ping_status":"closed","template":"","meta":{"_acf_changed":false,"om_disable_all_campaigns":false,"_monsterinsights_skip_tracking":false,"_monsterinsights_sitenote_active":false,"_monsterinsights_sitenote_note":"","_monsterinsights_sitenote_category":0,"footnotes":""},"class_list":["post-12","page","type-page","status-publish","has-post-thumbnail","hentry"],"acf":[],"aioseo_notices":[],"_links":{"self":[{"href":"https:\/\/louiswu.vn\/index.php\/wp-json\/wp\/v2\/pages\/12","targetHints":{"allow":["GET"]}}],"collection":[{"href":"https:\/\/louiswu.vn\/index.php\/wp-json\/wp\/v2\/pages"}],"about":[{"href":"https:\/\/louiswu.vn\/index.php\/wp-json\/wp\/v2\/types\/page"}],"author":[{"embeddable":true,"href":"https:\/\/louiswu.vn\/index.php\/wp-json\/wp\/v2\/users\/1"}],"replies":[{"embeddable":true,"href":"https:\/\/louiswu.vn\/index.php\/wp-json\/wp\/v2\/comments?post=12"}],"version-history":[{"count":21,"href":"https:\/\/louiswu.vn\/index.php\/wp-json\/wp\/v2\/pages\/12\/revisions"}],"predecessor-version":[{"id":847,"href":"https:\/\/louiswu.vn\/index.php\/wp-json\/wp\/v2\/pages\/12\/revisions\/847"}],"wp:featuredmedia":[{"embeddable":true,"href":"https:\/\/louiswu.vn\/index.php\/wp-json\/wp\/v2\/media\/840"}],"wp:attachment":[{"href":"https:\/\/louiswu.vn\/index.php\/wp-json\/wp\/v2\/media?parent=12"}],"curies":[{"name":"wp","href":"https:\/\/api.w.org\/{rel}","templated":true}]}}