{"id":54,"date":"2024-06-29T07:35:44","date_gmt":"2024-06-29T07:35:44","guid":{"rendered":"https:\/\/louiswu.vn\/?page_id=54"},"modified":"2024-09-20T12:05:49","modified_gmt":"2024-09-20T04:05:49","slug":"advertising","status":"publish","type":"page","link":"https:\/\/louiswu.vn\/index.php\/advertising\/","title":{"rendered":"Advertising"},"content":{"rendered":"\n<p class=\"has-medium-font-size\"><em>&#8220;V\u1edbi Louis Wu v\u00e0 Leica,\u00a0t\u1eebng khung h\u00ecnh qu\u1ea3ng c\u00e1o kh\u00f4ng ch\u1ec9 \u0111\u01a1n thu\u1ea7n l\u00e0 h\u00ecnh \u1ea3nh,\u00a0m\u00e0 c\u00f2n l\u00e0 c\u00e2u chuy\u1ec7n,\u00a0l\u00e0 c\u1ea3m x\u00fac, l\u00e0 th\u00f4ng \u0111i\u1ec7p ch\u1ea1m \u0111\u1ebfn tr\u00e1i tim.\u00a0S\u1ef1 tinh t\u1ebf trong t\u1eebng chi ti\u1ebft,\u00a0s\u1ef1 chuy\u00ean nghi\u1ec7p trong t\u1eebng g\u00f3c m\u00e1y,\u00a0t\u1ea5t c\u1ea3 s\u1ebd c\u00f9ng nhau th\u1ed5i h\u1ed3n v\u00e0o th\u01b0\u01a1ng hi\u1ec7u c\u1ee7a b\u1ea1n,\u00a0t\u1ea1o n\u00ean nh\u1eefng \u1ea5n t\u01b0\u1ee3ng s\u00e2u s\u1eafc v\u00e0 lan t\u1ecfa m\u1ea1nh m\u1ebd.&#8221;<\/em><\/p>\n","protected":false},"excerpt":{"rendered":"<p>Landcape page information<\/p>\n","protected":false},"author":1,"featured_media":0,"parent":0,"menu_order":0,"comment_status":"closed","ping_status":"closed","template":"page-templates\/porfolio.php","meta":{"_acf_changed":false,"om_disable_all_campaigns":false,"_monsterinsights_skip_tracking":false,"_monsterinsights_sitenote_active":false,"_monsterinsights_sitenote_note":"","_monsterinsights_sitenote_category":0,"footnotes":""},"class_list":["post-54","page","type-page","status-publish","hentry"],"acf":[],"aioseo_notices":[],"_links":{"self":[{"href":"https:\/\/louiswu.vn\/index.php\/wp-json\/wp\/v2\/pages\/54","targetHints":{"allow":["GET"]}}],"collection":[{"href":"https:\/\/louiswu.vn\/index.php\/wp-json\/wp\/v2\/pages"}],"about":[{"href":"https:\/\/louiswu.vn\/index.php\/wp-json\/wp\/v2\/types\/page"}],"author":[{"embeddable":true,"href":"https:\/\/louiswu.vn\/index.php\/wp-json\/wp\/v2\/users\/1"}],"replies":[{"embeddable":true,"href":"https:\/\/louiswu.vn\/index.php\/wp-json\/wp\/v2\/comments?post=54"}],"version-history":[{"count":3,"href":"https:\/\/louiswu.vn\/index.php\/wp-json\/wp\/v2\/pages\/54\/revisions"}],"predecessor-version":[{"id":531,"href":"https:\/\/louiswu.vn\/index.php\/wp-json\/wp\/v2\/pages\/54\/revisions\/531"}],"wp:attachment":[{"href":"https:\/\/louiswu.vn\/index.php\/wp-json\/wp\/v2\/media?parent=54"}],"curies":[{"name":"wp","href":"https:\/\/api.w.org\/{rel}","templated":true}]}}